{"id":1460,"date":"2016-01-07T09:40:46","date_gmt":"2016-01-07T09:40:46","guid":{"rendered":"http:\/\/demo.villatheme.com\/cavada\/demo-2\/?page_id=2"},"modified":"2026-03-21T14:57:36","modified_gmt":"2026-03-21T14:57:36","slug":"contactenos","status":"publish","type":"page","link":"https:\/\/maquinher.com\/php\/contactenos\/","title":{"rendered":"Contactenos"},"content":{"rendered":"<div class=\"wpb-content-wrapper\"><p>[vc_row full_width=\u00bbstretch_row_content_no_spaces\u00bb parallax=\u00bbcontent-moving-fade\u00bb parallax_image=\u00bb1718&#8243; css=\u00bb.vc_custom_1513810666910{background-image: url(http:\/\/maquinher.net\/php\/wp-content\/uploads\/2016\/01\/contacto.jpg?id=1718) !important;}\u00bb][vc_column][vc_custom_heading source=\u00bbpost_title\u00bb font_container=\u00bbtag:h2|font_size:70|text_align:center|color:%23ffffff\u00bb google_fonts=\u00bbfont_family:Roboto%3A100%2C100italic%2C300%2C300italic%2Cregular%2Citalic%2C500%2C500italic%2C700%2C700italic%2C900%2C900italic|font_style:400%20regular%3A400%3Anormal\u00bb css=\u00bb.vc_custom_1513811118252{padding-top: 5% !important;padding-bottom: 5% !important;}\u00bb][\/vc_column][\/vc_row][vc_row css=\u00bb.vc_custom_1452402633055{margin-top: 53px !important;}\u00bb][vc_column width=\u00bb2\/12&#8243;][vc_column_text]<\/p>\n<h4>INFORMACI\u00d3N<\/h4>\n<p>[\/vc_column_text][\/vc_column][vc_column width=\u00bb10\/12&#8243;][vc_column_text css=\u00bb\u00bb]Para nosotros ser\u00e1 un placer atender sus inquietudes, puede contactarnos con la siguiente informaci\u00f3n o a trav\u00e9s del este formulario:<\/p>\n<ul class=\"list-unstyled\">\n<li><b>Tel\u00e9fono:<\/b>\u00a0(57 4) 444 11 44<\/li>\n<li><b>Celular:<\/b> (57) 300 613 9499 | 316-874-6900<\/li>\n<li><b>Email:<\/b> administrativo@maquinher.com<\/li>\n<\/ul>\n<p>[\/vc_column_text][\/vc_column][\/vc_row][vc_row css=\u00bb.vc_custom_1452402662198{margin-top: 73px !important;}\u00bb][vc_column width=\u00bb2\/12&#8243;][vc_column_text]FORMULARIO[\/vc_column_text][\/vc_column][vc_column width=\u00bb10\/12&#8243;][vc_column_text]\n<div class=\"wpcf7 no-js\" id=\"wpcf7-f4-o1\" lang=\"en-US\" dir=\"ltr\">\n<div class=\"screen-reader-response\"><p role=\"status\" aria-live=\"polite\" aria-atomic=\"true\"><\/p> <ul><\/ul><\/div>\n<form action=\"\/php\/wp-json\/wp\/v2\/pages\/1460#wpcf7-f4-o1\" method=\"post\" class=\"wpcf7-form init\" aria-label=\"Contact form\" novalidate=\"novalidate\" data-status=\"init\">\n<div style=\"display: none;\">\n<input type=\"hidden\" name=\"_wpcf7\" value=\"4\" \/>\n<input type=\"hidden\" name=\"_wpcf7_version\" value=\"5.9.5\" \/>\n<input type=\"hidden\" name=\"_wpcf7_locale\" value=\"en_US\" \/>\n<input type=\"hidden\" name=\"_wpcf7_unit_tag\" value=\"wpcf7-f4-o1\" \/>\n<input type=\"hidden\" name=\"_wpcf7_container_post\" value=\"0\" \/>\n<input type=\"hidden\" name=\"_wpcf7_posted_data_hash\" value=\"\" \/>\n<\/div>\n<div class=\"row\">\n\t<div class=\"col-md-6\">\n\t\t<p><span class=\"wpcf7-form-control-wrap\" data-name=\"your-name\"><input size=\"40\" class=\"wpcf7-form-control wpcf7-text wpcf7-validates-as-required\" aria-required=\"true\" aria-invalid=\"false\" placeholder=\"Su nombre\" value=\"\" type=\"text\" name=\"your-name\" \/><\/span>\n\t\t<\/p>\n\t<\/div>\n\t<div class=\"col-md-6\">\n\t\t<p><span class=\"wpcf7-form-control-wrap\" data-name=\"your-email\"><input size=\"40\" class=\"wpcf7-form-control wpcf7-email wpcf7-validates-as-required wpcf7-text wpcf7-validates-as-email\" aria-required=\"true\" aria-invalid=\"false\" placeholder=\"Su email\" value=\"\" type=\"email\" name=\"your-email\" \/><\/span>\n\t\t<\/p>\n\t<\/div>\n\t<div class=\"col-md-12\">\n\t\t<p><span class=\"wpcf7-form-control-wrap\" data-name=\"your-message\"><textarea cols=\"40\" rows=\"10\" class=\"wpcf7-form-control wpcf7-textarea\" aria-invalid=\"false\" placeholder=\"Mensaje\" name=\"your-message\"><\/textarea><\/span>\n\t\t<\/p>\n\t<\/div>\n<\/div>\n<p><input class=\"wpcf7-form-control wpcf7-submit has-spinner\" type=\"submit\" value=\"Enviar\" \/>\n<\/p><div class=\"wpcf7-response-output\" aria-hidden=\"true\"><\/div>\n<\/form>\n<\/div>\n[\/vc_column_text][\/vc_column][\/vc_row][vc_row full_width=\u00bbstretch_row\u00bb css=\u00bb.vc_custom_1453715454310{margin-top: 0px !important;padding-top: 0px !important;background-color: #f6f6f6 !important;}\u00bb][vc_column width=\u00bb1\/3&#8243; css=\u00bb.vc_custom_1453715439606{padding-top: 0px !important;}\u00bb][\/vc_column][vc_column width=\u00bb1\/3&#8243; css=\u00bb.vc_custom_1453715447547{padding-top: 0px !important;}\u00bb][\/vc_column][vc_column width=\u00bb1\/3&#8243; css=\u00bb.vc_custom_1453715841307{padding-top: 0px !important;}\u00bb][\/vc_column][\/vc_row][vc_row][vc_column][vc_gmaps link=\u00bb#E-8_JTNDaWZyYW1lJTIwc3JjJTNEJTIyaHR0cHMlM0ElMkYlMkZ3d3cuZ29vZ2xlLmNvbSUyRm1hcHMlMkZlbWJlZCUzRnBiJTNEJTIxMW0xOCUyMTFtMTIlMjExbTMlMjExZDM5NjYuMDk5OTY1NDA4NjQ5JTIxMmQtNzUuNTg5NTY5NTg1MjMwNjYlMjEzZDYuMjUwNTU3MTk1NDc1NjUzJTIxMm0zJTIxMWYwJTIxMmYwJTIxM2YwJTIxM20yJTIxMWkxMDI0JTIxMmk3NjglMjE0ZjEzLjElMjEzbTMlMjExbTIlMjExczB4MCUyNTNBMHg0Mjg2YzYzYzFmYjI0YmQ4JTIxMnpOc0t3TVRVbk1ESXVNQ0pPSURjMXdyQXpOU2N4TkM0MklsYyUyMTVlMCUyMTNtMiUyMTFzZXMlMjEyc2NvJTIxNHYxNjc2NjMzMDA2MTA3JTIxNW0yJTIxMXNlcyUyMTJzY28lMjIlMjB3aWR0aCUzRCUyMjYwMCUyMiUyMGhlaWdodCUzRCUyMjQ1MCUyMiUyMHN0eWxlJTNEJTIyYm9yZGVyJTNBMCUzQiUyMiUyMGFsbG93ZnVsbHNjcmVlbiUzRCUyMiUyMiUyMGxvYWRpbmclM0QlMjJsYXp5JTIyJTIwcmVmZXJyZXJwb2xpY3klM0QlMjJuby1yZWZlcnJlci13aGVuLWRvd25ncmFkZSUyMiUzRSUzQyUyRmlmcmFtZSUzRQ==\u00bb][\/vc_column][\/vc_row]<\/p>\n<\/div>","protected":false},"excerpt":{"rendered":"<p>[vc_row full_width=\u00bbstretch_row_content_no_spaces\u00bb parallax=\u00bbcontent-moving-fade\u00bb parallax_image=\u00bb1718&#8243; css=\u00bb.vc_custom_1513810666910{background-image: url(http:\/\/maquinher.net\/php\/wp-content\/uploads\/2016\/01\/contacto.jpg?id=1718) !important;}\u00bb][vc_column][vc_custom_heading source=\u00bbpost_title\u00bb font_container=\u00bbtag:h2|font_size:70|text_align:center|color:%23ffffff\u00bb google_fonts=\u00bbfont_family:Roboto%3A100%2C100italic%2C300%2C300italic%2Cregular%2Citalic%2C500%2C500italic%2C700%2C700italic%2C900%2C900italic|font_style:400%20regular%3A400%3Anormal\u00bb css=\u00bb.vc_custom_1513811118252{padding-top: 5% !important;padding-bottom: 5% !important;}\u00bb][\/vc_column][\/vc_row][vc_row <\/p>\n","protected":false},"author":1,"featured_media":0,"parent":0,"menu_order":0,"comment_status":"closed","ping_status":"open","template":"","meta":{"_joinchat":[],"footnotes":""},"class_list":["post-1460","page","type-page","status-publish","hentry"],"_links":{"self":[{"href":"https:\/\/maquinher.com\/php\/wp-json\/wp\/v2\/pages\/1460","targetHints":{"allow":["GET"]}}],"collection":[{"href":"https:\/\/maquinher.com\/php\/wp-json\/wp\/v2\/pages"}],"about":[{"href":"https:\/\/maquinher.com\/php\/wp-json\/wp\/v2\/types\/page"}],"author":[{"embeddable":true,"href":"https:\/\/maquinher.com\/php\/wp-json\/wp\/v2\/users\/1"}],"replies":[{"embeddable":true,"href":"https:\/\/maquinher.com\/php\/wp-json\/wp\/v2\/comments?post=1460"}],"version-history":[{"count":20,"href":"https:\/\/maquinher.com\/php\/wp-json\/wp\/v2\/pages\/1460\/revisions"}],"predecessor-version":[{"id":2260,"href":"https:\/\/maquinher.com\/php\/wp-json\/wp\/v2\/pages\/1460\/revisions\/2260"}],"wp:attachment":[{"href":"https:\/\/maquinher.com\/php\/wp-json\/wp\/v2\/media?parent=1460"}],"curies":[{"name":"wp","href":"https:\/\/api.w.org\/{rel}","templated":true}]}}