{"id":1624,"date":"2017-08-30T06:01:55","date_gmt":"2017-08-30T06:01:55","guid":{"rendered":"http:\/\/maquinher.net\/php\/?page_id=1624"},"modified":"2023-08-31T21:06:43","modified_gmt":"2023-08-31T21:06:43","slug":"corporativo","status":"publish","type":"page","link":"https:\/\/maquinher.com\/php\/corporativo\/","title":{"rendered":"Corporativo"},"content":{"rendered":"<div class=\"wpb-content-wrapper\"><p>[vc_row bg_parallax=\u00bboff\u00bb bg_scroll=\u00bbh,-1&#8243; font_color=\u00bb#ffffff\u00bb css=\u00bb.vc_custom_1504071737741{margin-top: 0px !important;margin-bottom: 0px !important;padding-top: 10px !important;padding-bottom: 10px !important;}\u00bb][vc_column width=\u00bb1\/2&#8243;][vc_single_image image=\u00bb2240&#8243; img_size=\u00bbfull\u00bb][\/vc_column][vc_column width=\u00bb1\/2&#8243;][vc_custom_heading text=\u00bbQuienes somos\u00bb google_fonts=\u00bbfont_family:Roboto%3A100%2C100italic%2C300%2C300italic%2Cregular%2Citalic%2C500%2C500italic%2C700%2C700italic%2C900%2C900italic|font_style:400%20regular%3A400%3Anormal\u00bb][vc_text_separator title=\u00bb\u00bb title_align=\u00bbseparator_align_left\u00bb align=\u00bbalign_left\u00bb color=\u00bbcustom\u00bb style=\u00bbdashed\u00bb accent_color=\u00bb#dd3333&#8243;][vc_column_text]<strong>Maquinas y Herramientas S.A. \u2013 MaquinHer S.A.<\/strong>, es una empresa con sentido social y empresarial, dedicada a la importaci\u00f3n y distribuci\u00f3n de herramientas y equipos para los sectores de la industria, automotriz, mineros y generadores de energ\u00eda. La \u201cespecializaci\u00f3n en asesor\u00eda y entrega de productos\u201d marca nuestra diferenciaci\u00f3n ante el mercado, nuestro personal se mantiene en continua formaci\u00f3n profesional incluidos de una forma marcada los temas de relaciones humanas. Las marcas que representamos deben cumplir con una variable imprescindible en el mundo de hoy, la Calidad Total.[\/vc_column_text][\/vc_column][\/vc_row][vc_row parallax=\u00bbcontent-moving-fade\u00bb bg_parallax=\u00bboff\u00bb bg_scroll=\u00bbh,-1&#8243; font_color=\u00bb#ffffff\u00bb css=\u00bb.vc_custom_1513809326261{margin-top: 0px !important;margin-bottom: 0px !important;padding-top: 10px !important;padding-bottom: 10px !important;background-color: #ffffff !important;}\u00bb][vc_column width=\u00bb1\/2&#8243;][vc_custom_heading text=\u00bbMisi\u00f3n \u00bb google_fonts=\u00bbfont_family:Roboto%3A100%2C100italic%2C300%2C300italic%2Cregular%2Citalic%2C500%2C500italic%2C700%2C700italic%2C900%2C900italic|font_style:400%20regular%3A400%3Anormal\u00bb][vc_text_separator title=\u00bb\u00bb title_align=\u00bbseparator_align_left\u00bb align=\u00bbalign_left\u00bb color=\u00bbcustom\u00bb style=\u00bbdashed\u00bb accent_color=\u00bb#dd3333&#8243;][vc_column_text]La compa\u00f1\u00eda\u00a0<strong>MAQUINHER S.A.<\/strong>\u00a0fue constituida desde cimientos ideol\u00f3gicos que ten\u00edan como fundamento el progreso y el bienestar de todos sus clientes, empleados y accionistas; desde entonces nos hemos trazado brindar a toda la comunidad de Antioquia y Colombia, un servicio especializado en la distribuci\u00f3n y representaci\u00f3n de l\u00edneas de herramientas y equipos con alta calidad y tecnolog\u00eda, servicios de reparaci\u00f3n, calibraci\u00f3n, certificaci\u00f3n; y brindar capacitaciones constantes, cumpliendo as\u00ed con un servicio integral , ofreciendo soluciones adecuadas para una atenci\u00f3n exclusiva.[\/vc_column_text][\/vc_column][vc_column width=\u00bb1\/2&#8243;][vc_custom_heading text=\u00bbVisi\u00f3n \u00bb google_fonts=\u00bbfont_family:Roboto%3A100%2C100italic%2C300%2C300italic%2Cregular%2Citalic%2C500%2C500italic%2C700%2C700italic%2C900%2C900italic|font_style:400%20regular%3A400%3Anormal\u00bb][vc_text_separator title=\u00bb\u00bb title_align=\u00bbseparator_align_left\u00bb align=\u00bbalign_left\u00bb color=\u00bbcustom\u00bb style=\u00bbdashed\u00bb accent_color=\u00bb#dd3333&#8243;][vc_column_text]<strong>MaquinHer S.A.<\/strong>\u00a0ser\u00e1 en 2026, una organizaci\u00f3n de prestigio nacional, l\u00edder en la comercializaci\u00f3n directa de herramientas y equipos con alta incorporaci\u00f3n tecnol\u00f3gica y servicios especializados, ampliando nuestro portafolio con la implementaci\u00f3n de los laboratorios de Metrolog\u00eda y Neum\u00e1tica, consiguiendo as\u00ed consolidar relaciones duraderas con nuestros\u00a0clientes.<\/p>\n<p><strong>MaquinHer S.A.<\/strong>\u00a0es una empresa de car\u00e1cter comercial que entre sus l\u00edneas cuenta con la distribuci\u00f3n autorizada y \u00fanica para Antioquia de Snap-on Tools International Ltd. y su filial J.H. Williams, Sioux, Urrea, CTA, Channellock, OTC, Bosch, Stanley y otras marcas reconocidas en el mercado.[\/vc_column_text][\/vc_column][\/vc_row][vc_row bg_parallax=\u00bboff\u00bb bg_scroll=\u00bbh,-1&#8243; font_color=\u00bb#ffffff\u00bb css=\u00bb.vc_custom_1504071737741{margin-top: 0px !important;margin-bottom: 0px !important;padding-top: 10px !important;padding-bottom: 10px !important;}\u00bb][vc_column width=\u00bb2\/3&#8243;][vc_custom_heading text=\u00bbPolitica de calidad\u00bb google_fonts=\u00bbfont_family:Roboto%3A100%2C100italic%2C300%2C300italic%2Cregular%2Citalic%2C500%2C500italic%2C700%2C700italic%2C900%2C900italic|font_style:400%20regular%3A400%3Anormal\u00bb][vc_text_separator title=\u00bb\u00bb title_align=\u00bbseparator_align_left\u00bb align=\u00bbalign_left\u00bb color=\u00bbcustom\u00bb style=\u00bbdashed\u00bb accent_color=\u00bb#dd3333&#8243;][vc_column_text]En MaquinHer S.A. distribuimos y comercializamos herramientas y equipos de alta calidad en todo el territorio colombiano, satisfaciendo as\u00ed las diferentes necesidades de nuestros clientes y dem\u00e1s partes interesadas, esto gracias al alto compromiso de todo un equipo de trabajo y la mejora continua de su sistema de gesti\u00f3n, el cual se enfoca en el cumplimiento de los requisitos legales aplicables, est\u00e1ndares de calidad, Identificaci\u00f3n de los riesgos, evaluaci\u00f3n y valoraci\u00f3n de los mismos, al igual que en la definici\u00f3n de los respectivos controles, los cuales garanticen ambientes de trabajos sanos y seguro, con un aporte a la sostenibilidad\u00a0organizacional.[\/vc_column_text][\/vc_column][vc_column width=\u00bb1\/3&#8243;][vc_single_image image=\u00bb1715&#8243; img_size=\u00bbfull\u00bb][\/vc_column][\/vc_row]<\/p>\n<\/div>","protected":false},"excerpt":{"rendered":"<p>[vc_row bg_parallax=\u00bboff\u00bb bg_scroll=\u00bbh,-1&#8243; font_color=\u00bb#ffffff\u00bb css=\u00bb.vc_custom_1504071737741{margin-top: 0px !important;margin-bottom: 0px !important;padding-top: 10px !important;padding-bottom: 10px !important;}\u00bb][vc_column width=\u00bb1\/2&#8243;][vc_single_image image=\u00bb2240&#8243; <\/p>\n","protected":false},"author":1,"featured_media":0,"parent":0,"menu_order":0,"comment_status":"closed","ping_status":"closed","template":"","meta":{"_joinchat":[],"footnotes":""},"class_list":["post-1624","page","type-page","status-publish","hentry"],"_links":{"self":[{"href":"https:\/\/maquinher.com\/php\/wp-json\/wp\/v2\/pages\/1624","targetHints":{"allow":["GET"]}}],"collection":[{"href":"https:\/\/maquinher.com\/php\/wp-json\/wp\/v2\/pages"}],"about":[{"href":"https:\/\/maquinher.com\/php\/wp-json\/wp\/v2\/types\/page"}],"author":[{"embeddable":true,"href":"https:\/\/maquinher.com\/php\/wp-json\/wp\/v2\/users\/1"}],"replies":[{"embeddable":true,"href":"https:\/\/maquinher.com\/php\/wp-json\/wp\/v2\/comments?post=1624"}],"version-history":[{"count":30,"href":"https:\/\/maquinher.com\/php\/wp-json\/wp\/v2\/pages\/1624\/revisions"}],"predecessor-version":[{"id":2257,"href":"https:\/\/maquinher.com\/php\/wp-json\/wp\/v2\/pages\/1624\/revisions\/2257"}],"wp:attachment":[{"href":"https:\/\/maquinher.com\/php\/wp-json\/wp\/v2\/media?parent=1624"}],"curies":[{"name":"wp","href":"https:\/\/api.w.org\/{rel}","templated":true}]}}